{"id":21027,"date":"2024-08-02T14:54:59","date_gmt":"2024-08-02T12:54:59","guid":{"rendered":"https:\/\/www.retopre.com\/?page_id=21027"},"modified":"2024-09-26T16:18:30","modified_gmt":"2024-09-26T14:18:30","slug":"laura-orengo","status":"publish","type":"page","link":"https:\/\/www.retopre.com\/index.php\/team\/laura-orengo\/","title":{"rendered":"Laura Orengo"},"content":{"rendered":"\t\t<div data-elementor-type=\"wp-page\" data-elementor-id=\"21027\" class=\"elementor elementor-21027\" data-elementor-post-type=\"page\">\n\t\t\t\t        <section class=\"elementor-section elementor-top-section elementor-element elementor-element-3fb8f08 elementor-section-boxed elementor-section-height-default elementor-section-height-default pxl-row-scroll-none pxl-zoom-point-false pxl-section-overflow-visible pxl-section-fix-none pxl-bg-color-none pxl-section-overlay-none\" data-id=\"3fb8f08\" data-element_type=\"section\" data-e-type=\"section\">\n\n                \n                <div class=\"elementor-container elementor-column-gap-extended \">\n                <div class=\"elementor-column elementor-col-50 elementor-top-column elementor-element elementor-element-c48894a pxl-column-none pxl-column-overflow-hidden-no\" data-id=\"c48894a\" data-element_type=\"column\" data-e-type=\"column\">\r\n        <div class=\"elementor-widget-wrap elementor-element-populated\">\r\n                     \r\n        \t\t<div class=\"elementor-element elementor-element-6caae28 elementor-widget__width-inherit elementor-widget elementor-widget-pxl_image\" data-id=\"6caae28\" data-element_type=\"widget\" data-e-type=\"widget\" data-widget_type=\"pxl_image.default\">\n\t\t\t\t<div class=\"elementor-widget-container\">\n\t\t\t\t\t<div id=\"pxl_image-6caae28-4648\"  class=\"pxl-image-single    \"  data-wow-delay=\"ms\" \r\n      \r\n          data-parallax-value = \"0\">\r\n    <div class=\"pxl-item--inner\" data-wow-delay=\"120ms\">\r\n                                    <div class=\"pxl-item--image\" >\r\n                                            <img fetchpriority=\"high\" decoding=\"async\" width=\"1280\" height=\"1920\" src=\"https:\/\/www.retopre.com\/wp-content\/uploads\/2024\/08\/3.png\" class=\"no-lazyload attachment-full\" alt=\"RETOP Il tuo partner affidabile per investimenti immobiliari.\" \/>                                    <\/div>\r\n                                                                    <\/div>\r\n<\/div>\r\n\t\t\t\t<\/div>\n\t\t\t\t<\/div>\n\t\t            <\/div>\r\n        <\/div>\r\n                <div class=\"elementor-column elementor-col-50 elementor-top-column elementor-element elementor-element-e5e12bf pxl-column-none pxl-column-overflow-hidden-no\" data-id=\"e5e12bf\" data-element_type=\"column\" data-e-type=\"column\">\r\n        <div class=\"elementor-widget-wrap elementor-element-populated\">\r\n                     \r\n        \t\t<div class=\"elementor-element elementor-element-c7b194f elementor-widget elementor-widget-pxl_heading\" data-id=\"c7b194f\" data-element_type=\"widget\" data-e-type=\"widget\" data-widget_type=\"pxl_heading.default\">\n\t\t\t\t<div class=\"elementor-widget-container\">\n\t\t\t\t\t\n<div id=\"pxl-pxl_heading-c7b194f-1899\" class=\"pxl-heading  \">\n\t<div class=\"pxl-heading--container\">\n\t\t<div class=\"pxl-heading--inner\">\n\t\t\t\t\t\t\t<div class=\"pxl-item--subtitle \" data-wow-delay=\"ms\">\n\t\t\t\t\t<span class=\"pxl-item--subtext \">\n\t\t\t\t\t\tDevelopment & Project Management\t\t\t\t\t<\/span>\n\t\t\t\t<\/div>\n\t\t\t\t\t\t\t\t\t<h2 class=\"pxl-item--title pxl-heading-custom  \" data-wow-delay=\"\">\n\t\t\t\tLAURA ORENGO\t\t\t\t\t\n\t\t\t<\/h2>\n\t\t<\/div>\n\t\t\n\t<\/div>\n<\/div>\t\t\t\t<\/div>\n\t\t\t\t<\/div>\n\t\t\t\t<div class=\"elementor-element elementor-element-4423f44 elementor-widget elementor-widget-text-editor\" data-id=\"4423f44\" data-element_type=\"widget\" data-e-type=\"widget\" data-widget_type=\"text-editor.default\">\n\t\t\t\t<div class=\"elementor-widget-container\">\n\t\t\t\t\t\t\t\t\t<p>Dopo una breve esperienza lavorativa nella Pubblica Amministrazione dove svolgeva il ruolo di Responsabile del Servizi Tecnici, Urbanistici ed Ambientali, \u00e8 entrata in una societ\u00e0 di servizi immobiliari, prima come Project Manager, a cui \u00e8 seguita la nomina a Responsabile di Progetto. Ha ricoperto per oltre 10 anni la posizione di Head of Development Management gestendo e coordinando le attivit\u00e0 tecnico-amministrative del processo di sviluppo e valorizzazione immobiliare di asset prevalentemente retail e office.<\/p>\t\t\t\t\t\t\t\t<\/div>\n\t\t\t\t<\/div>\n\t\t\t\t<div class=\"elementor-element elementor-element-cc8298d elementor-widget elementor-widget-spacer\" data-id=\"cc8298d\" data-element_type=\"widget\" data-e-type=\"widget\" data-widget_type=\"spacer.default\">\n\t\t\t\t<div class=\"elementor-widget-container\">\n\t\t\t\t\t\t\t<div class=\"elementor-spacer\">\n\t\t\t<div class=\"elementor-spacer-inner\"><\/div>\n\t\t<\/div>\n\t\t\t\t\t\t<\/div>\n\t\t\t\t<\/div>\n\t\t\t\t<div class=\"elementor-element elementor-element-18f6ea1 elementor-blockquote--skin-border elementor-widget elementor-widget-blockquote\" data-id=\"18f6ea1\" data-element_type=\"widget\" data-e-type=\"widget\" data-widget_type=\"blockquote.default\">\n\t\t\t\t<div class=\"elementor-widget-container\">\n\t\t\t\t\t\t\t<blockquote class=\"elementor-blockquote\">\n\t\t\t<p class=\"elementor-blockquote__content\">\n\t\t\t\tVogliamo evitare la standardizzazione.\nPreferiamo essere agili e flessibili per poter cambiare e innovare ogni giorno.\t\t\t<\/p>\n\t\t\t\t\t\t\t<div class=\"e-q-footer\">\n\t\t\t\t\t\t\t\t\t\t\t<cite class=\"elementor-blockquote__author\">LAURA ORENGO<\/cite>\n\t\t\t\t\t\t\t\t\t\t\t\t\t\t<\/div>\n\t\t\t\t\t<\/blockquote>\n\t\t\t\t\t\t<\/div>\n\t\t\t\t<\/div>\n\t\t            <\/div>\r\n        <\/div>\r\n        \t\t\t<\/div>\n\t\t<\/section>\n\t\t\t\t<\/div>\n\t\t","protected":false},"excerpt":{"rendered":"<p>Development &#038; Project Management LAURA ORENGO Dopo una breve esperienza lavorativa nella Pubblica Amministrazione dove svolgeva il ruolo di Responsabile del Servizi Tecnici, Urbanistici ed Ambientali, \u00e8 entrata in una societ\u00e0 di servizi immobiliari, prima come Project Manager, a cui \u00e8 seguita la nomina a Responsabile di Progetto. Ha ricoperto per oltre 10 anni la [&hellip;]<\/p>\n","protected":false},"author":1,"featured_media":0,"parent":2258,"menu_order":0,"comment_status":"closed","ping_status":"closed","template":"","meta":{"footnotes":""},"class_list":["post-21027","page","type-page","status-publish","hentry"],"yoast_head":"<!-- This site is optimized with the Yoast SEO plugin v27.1.1 - https:\/\/yoast.com\/product\/yoast-seo-wordpress\/ -->\r\n<title>Laura Orengo - RETOP<\/title>\r\n<meta name=\"description\" content=\"Development &amp; Project Management\" \/>\r\n<meta name=\"robots\" content=\"index, follow, max-snippet:-1, max-image-preview:large, max-video-preview:-1\" \/>\r\n<link rel=\"canonical\" href=\"https:\/\/www.retopre.com\/index.php\/team\/laura-orengo\/\" \/>\r\n<meta property=\"og:locale\" content=\"it_IT\" \/>\r\n<meta property=\"og:type\" content=\"article\" \/>\r\n<meta property=\"og:title\" content=\"Laura Orengo - RETOP\" \/>\r\n<meta property=\"og:description\" content=\"Development &amp; Project Management\" \/>\r\n<meta property=\"og:url\" content=\"https:\/\/www.retopre.com\/index.php\/team\/laura-orengo\/\" \/>\r\n<meta property=\"og:site_name\" content=\"RETOP\" \/>\r\n<meta property=\"article:modified_time\" content=\"2024-09-26T14:18:30+00:00\" \/>\r\n<meta property=\"og:image\" content=\"https:\/\/www.retopre.com\/wp-content\/uploads\/2024\/08\/3.png\" \/>\r\n<meta name=\"twitter:card\" content=\"summary_large_image\" \/>\r\n<meta name=\"twitter:label1\" content=\"Tempo di lettura stimato\" \/>\n\t<meta name=\"twitter:data1\" content=\"1 minuto\" \/>\r\n<script type=\"application\/ld+json\" class=\"yoast-schema-graph\">{\"@context\":\"https:\/\/schema.org\",\"@graph\":[{\"@type\":\"WebPage\",\"@id\":\"https:\/\/www.retopre.com\/index.php\/team\/laura-orengo\/\",\"url\":\"https:\/\/www.retopre.com\/index.php\/team\/laura-orengo\/\",\"name\":\"Laura Orengo - RETOP\",\"isPartOf\":{\"@id\":\"https:\/\/www.retopre.com\/#website\"},\"primaryImageOfPage\":{\"@id\":\"https:\/\/www.retopre.com\/index.php\/team\/laura-orengo\/#primaryimage\"},\"image\":{\"@id\":\"https:\/\/www.retopre.com\/index.php\/team\/laura-orengo\/#primaryimage\"},\"thumbnailUrl\":\"https:\/\/www.retopre.com\/wp-content\/uploads\/2024\/08\/3.png\",\"datePublished\":\"2024-08-02T12:54:59+00:00\",\"dateModified\":\"2024-09-26T14:18:30+00:00\",\"description\":\"Development & Project Management\",\"breadcrumb\":{\"@id\":\"https:\/\/www.retopre.com\/index.php\/team\/laura-orengo\/#breadcrumb\"},\"inLanguage\":\"it-IT\",\"potentialAction\":[{\"@type\":\"ReadAction\",\"target\":[\"https:\/\/www.retopre.com\/index.php\/team\/laura-orengo\/\"]}]},{\"@type\":\"ImageObject\",\"inLanguage\":\"it-IT\",\"@id\":\"https:\/\/www.retopre.com\/index.php\/team\/laura-orengo\/#primaryimage\",\"url\":\"https:\/\/www.retopre.com\/wp-content\/uploads\/2024\/08\/3.png\",\"contentUrl\":\"https:\/\/www.retopre.com\/wp-content\/uploads\/2024\/08\/3.png\",\"width\":1280,\"height\":1920,\"caption\":\"RETOP Il tuo partner affidabile per investimenti immobiliari.\"},{\"@type\":\"BreadcrumbList\",\"@id\":\"https:\/\/www.retopre.com\/index.php\/team\/laura-orengo\/#breadcrumb\",\"itemListElement\":[{\"@type\":\"ListItem\",\"position\":1,\"name\":\"Home\",\"item\":\"https:\/\/www.retopre.com\/\"},{\"@type\":\"ListItem\",\"position\":2,\"name\":\"Team\",\"item\":\"https:\/\/www.retopre.com\/index.php\/team\/\"},{\"@type\":\"ListItem\",\"position\":3,\"name\":\"Laura Orengo\"}]},{\"@type\":\"WebSite\",\"@id\":\"https:\/\/www.retopre.com\/#website\",\"url\":\"https:\/\/www.retopre.com\/\",\"name\":\"RETOP\",\"description\":\"Asset Management Company\",\"publisher\":{\"@id\":\"https:\/\/www.retopre.com\/#organization\"},\"potentialAction\":[{\"@type\":\"SearchAction\",\"target\":{\"@type\":\"EntryPoint\",\"urlTemplate\":\"https:\/\/www.retopre.com\/?s={search_term_string}\"},\"query-input\":{\"@type\":\"PropertyValueSpecification\",\"valueRequired\":true,\"valueName\":\"search_term_string\"}}],\"inLanguage\":\"it-IT\"},{\"@type\":\"Organization\",\"@id\":\"https:\/\/www.retopre.com\/#organization\",\"name\":\"RETOP\",\"url\":\"https:\/\/www.retopre.com\/\",\"logo\":{\"@type\":\"ImageObject\",\"inLanguage\":\"it-IT\",\"@id\":\"https:\/\/www.retopre.com\/#\/schema\/logo\/image\/\",\"url\":\"\",\"contentUrl\":\"\",\"caption\":\"RETOP\"},\"image\":{\"@id\":\"https:\/\/www.retopre.com\/#\/schema\/logo\/image\/\"}}]}<\/script>\r\n<!-- \/ Yoast SEO plugin. -->","yoast_head_json":{"title":"Laura Orengo - RETOP","description":"Development & Project Management","robots":{"index":"index","follow":"follow","max-snippet":"max-snippet:-1","max-image-preview":"max-image-preview:large","max-video-preview":"max-video-preview:-1"},"canonical":"https:\/\/www.retopre.com\/index.php\/team\/laura-orengo\/","og_locale":"it_IT","og_type":"article","og_title":"Laura Orengo - RETOP","og_description":"Development & Project Management","og_url":"https:\/\/www.retopre.com\/index.php\/team\/laura-orengo\/","og_site_name":"RETOP","article_modified_time":"2024-09-26T14:18:30+00:00","og_image":[{"url":"https:\/\/www.retopre.com\/wp-content\/uploads\/2024\/08\/3.png","type":"","width":"","height":""}],"twitter_card":"summary_large_image","twitter_misc":{"Tempo di lettura stimato":"1 minuto"},"schema":{"@context":"https:\/\/schema.org","@graph":[{"@type":"WebPage","@id":"https:\/\/www.retopre.com\/index.php\/team\/laura-orengo\/","url":"https:\/\/www.retopre.com\/index.php\/team\/laura-orengo\/","name":"Laura Orengo - RETOP","isPartOf":{"@id":"https:\/\/www.retopre.com\/#website"},"primaryImageOfPage":{"@id":"https:\/\/www.retopre.com\/index.php\/team\/laura-orengo\/#primaryimage"},"image":{"@id":"https:\/\/www.retopre.com\/index.php\/team\/laura-orengo\/#primaryimage"},"thumbnailUrl":"https:\/\/www.retopre.com\/wp-content\/uploads\/2024\/08\/3.png","datePublished":"2024-08-02T12:54:59+00:00","dateModified":"2024-09-26T14:18:30+00:00","description":"Development & Project Management","breadcrumb":{"@id":"https:\/\/www.retopre.com\/index.php\/team\/laura-orengo\/#breadcrumb"},"inLanguage":"it-IT","potentialAction":[{"@type":"ReadAction","target":["https:\/\/www.retopre.com\/index.php\/team\/laura-orengo\/"]}]},{"@type":"ImageObject","inLanguage":"it-IT","@id":"https:\/\/www.retopre.com\/index.php\/team\/laura-orengo\/#primaryimage","url":"https:\/\/www.retopre.com\/wp-content\/uploads\/2024\/08\/3.png","contentUrl":"https:\/\/www.retopre.com\/wp-content\/uploads\/2024\/08\/3.png","width":1280,"height":1920,"caption":"RETOP Il tuo partner affidabile per investimenti immobiliari."},{"@type":"BreadcrumbList","@id":"https:\/\/www.retopre.com\/index.php\/team\/laura-orengo\/#breadcrumb","itemListElement":[{"@type":"ListItem","position":1,"name":"Home","item":"https:\/\/www.retopre.com\/"},{"@type":"ListItem","position":2,"name":"Team","item":"https:\/\/www.retopre.com\/index.php\/team\/"},{"@type":"ListItem","position":3,"name":"Laura Orengo"}]},{"@type":"WebSite","@id":"https:\/\/www.retopre.com\/#website","url":"https:\/\/www.retopre.com\/","name":"RETOP","description":"Asset Management Company","publisher":{"@id":"https:\/\/www.retopre.com\/#organization"},"potentialAction":[{"@type":"SearchAction","target":{"@type":"EntryPoint","urlTemplate":"https:\/\/www.retopre.com\/?s={search_term_string}"},"query-input":{"@type":"PropertyValueSpecification","valueRequired":true,"valueName":"search_term_string"}}],"inLanguage":"it-IT"},{"@type":"Organization","@id":"https:\/\/www.retopre.com\/#organization","name":"RETOP","url":"https:\/\/www.retopre.com\/","logo":{"@type":"ImageObject","inLanguage":"it-IT","@id":"https:\/\/www.retopre.com\/#\/schema\/logo\/image\/","url":"","contentUrl":"","caption":"RETOP"},"image":{"@id":"https:\/\/www.retopre.com\/#\/schema\/logo\/image\/"}}]}},"_links":{"self":[{"href":"https:\/\/www.retopre.com\/index.php\/wp-json\/wp\/v2\/pages\/21027","targetHints":{"allow":["GET"]}}],"collection":[{"href":"https:\/\/www.retopre.com\/index.php\/wp-json\/wp\/v2\/pages"}],"about":[{"href":"https:\/\/www.retopre.com\/index.php\/wp-json\/wp\/v2\/types\/page"}],"author":[{"embeddable":true,"href":"https:\/\/www.retopre.com\/index.php\/wp-json\/wp\/v2\/users\/1"}],"replies":[{"embeddable":true,"href":"https:\/\/www.retopre.com\/index.php\/wp-json\/wp\/v2\/comments?post=21027"}],"version-history":[{"count":19,"href":"https:\/\/www.retopre.com\/index.php\/wp-json\/wp\/v2\/pages\/21027\/revisions"}],"predecessor-version":[{"id":22374,"href":"https:\/\/www.retopre.com\/index.php\/wp-json\/wp\/v2\/pages\/21027\/revisions\/22374"}],"up":[{"embeddable":true,"href":"https:\/\/www.retopre.com\/index.php\/wp-json\/wp\/v2\/pages\/2258"}],"wp:attachment":[{"href":"https:\/\/www.retopre.com\/index.php\/wp-json\/wp\/v2\/media?parent=21027"}],"curies":[{"name":"wp","href":"https:\/\/api.w.org\/{rel}","templated":true}]}}