{"id":2260,"date":"2024-03-26T08:02:02","date_gmt":"2024-03-26T08:02:02","guid":{"rendered":"https:\/\/demo.bravisthemes.com\/gurus\/?page_id=2260"},"modified":"2024-09-27T09:54:22","modified_gmt":"2024-09-27T07:54:22","slug":"giuseppe-roveda-2","status":"publish","type":"page","link":"https:\/\/www.retopre.com\/index.php\/team\/giuseppe-roveda-2\/","title":{"rendered":"Giuseppe Roveda"},"content":{"rendered":"\t\t<div data-elementor-type=\"wp-page\" data-elementor-id=\"2260\" class=\"elementor elementor-2260\" data-elementor-post-type=\"page\">\n\t\t\t\t        <section class=\"elementor-section elementor-top-section elementor-element elementor-element-3fb8f08 elementor-section-boxed elementor-section-height-default elementor-section-height-default pxl-row-scroll-none pxl-zoom-point-false pxl-section-overflow-visible pxl-section-fix-none pxl-bg-color-none pxl-section-overlay-none\" data-id=\"3fb8f08\" data-element_type=\"section\" data-e-type=\"section\">\n\n                \n                <div class=\"elementor-container elementor-column-gap-extended \">\n                <div class=\"elementor-column elementor-col-50 elementor-top-column elementor-element elementor-element-c48894a pxl-column-none pxl-column-overflow-hidden-no\" data-id=\"c48894a\" data-element_type=\"column\" data-e-type=\"column\">\r\n        <div class=\"elementor-widget-wrap elementor-element-populated\">\r\n                     \r\n        \t\t<div class=\"elementor-element elementor-element-6caae28 elementor-widget__width-inherit elementor-widget elementor-widget-pxl_image\" data-id=\"6caae28\" data-element_type=\"widget\" data-e-type=\"widget\" data-widget_type=\"pxl_image.default\">\n\t\t\t\t<div class=\"elementor-widget-container\">\n\t\t\t\t\t<div id=\"pxl_image-6caae28-8032\"  class=\"pxl-image-single    \"  data-wow-delay=\"ms\" \r\n      \r\n          data-parallax-value = \"0\">\r\n    <div class=\"pxl-item--inner\" data-wow-delay=\"120ms\">\r\n                                    <div class=\"pxl-item--image\" >\r\n                                            <img fetchpriority=\"high\" decoding=\"async\" width=\"1280\" height=\"1920\" src=\"https:\/\/www.retopre.com\/wp-content\/uploads\/2024\/08\/1.png\" class=\"no-lazyload attachment-full\" alt=\"RETOP Il tuo partner affidabile per investimenti immobiliari.\" \/>                                    <\/div>\r\n                                                                    <\/div>\r\n<\/div>\r\n\t\t\t\t<\/div>\n\t\t\t\t<\/div>\n\t\t            <\/div>\r\n        <\/div>\r\n                <div class=\"elementor-column elementor-col-50 elementor-top-column elementor-element elementor-element-e5e12bf pxl-column-none pxl-column-overflow-hidden-no\" data-id=\"e5e12bf\" data-element_type=\"column\" data-e-type=\"column\">\r\n        <div class=\"elementor-widget-wrap elementor-element-populated\">\r\n                     \r\n        \t\t<div class=\"elementor-element elementor-element-c7b194f elementor-widget elementor-widget-pxl_heading\" data-id=\"c7b194f\" data-element_type=\"widget\" data-e-type=\"widget\" data-widget_type=\"pxl_heading.default\">\n\t\t\t\t<div class=\"elementor-widget-container\">\n\t\t\t\t\t\n<div id=\"pxl-pxl_heading-c7b194f-6338\" class=\"pxl-heading  \">\n\t<div class=\"pxl-heading--container\">\n\t\t<div class=\"pxl-heading--inner\">\n\t\t\t\t\t\t\t<div class=\"pxl-item--subtitle \" data-wow-delay=\"ms\">\n\t\t\t\t\t<span class=\"pxl-item--subtext \">\n\t\t\t\t\t\tCEO\t\t\t\t\t<\/span>\n\t\t\t\t<\/div>\n\t\t\t\t\t\t\t\t\t<h2 class=\"pxl-item--title pxl-heading-custom  \" data-wow-delay=\"\">\n\t\t\t\tGIUSEPPE ROVEDA \t\t\t\t\t\n\t\t\t<\/h2>\n\t\t<\/div>\n\t\t\n\t<\/div>\n<\/div>\t\t\t\t<\/div>\n\t\t\t\t<\/div>\n\t\t\t\t<div class=\"elementor-element elementor-element-4423f44 elementor-widget elementor-widget-text-editor\" data-id=\"4423f44\" data-element_type=\"widget\" data-e-type=\"widget\" data-widget_type=\"text-editor.default\">\n\t\t\t\t<div class=\"elementor-widget-container\">\n\t\t\t\t\t\t\t\t\t<p>Manager ed imprenditore di quarantennale esperienza, dopo aver fondato e sviluppato una societ\u00e0 di engineering e project management che oggi conta oltre 30 unit\u00e0 e lavora in tutto il Nord Italia, ha assunto il ruolo di Amministratore Delegato di una societ\u00e0 di sviluppo immobiliare privata, ideando e portando al successo importanti investimenti immobiliari, tra cui il primo outlet in Italia, \u201cSerravalle Designer Outlet\u201d. Dal 2012 ha operato nello scenario immobiliare di Milano, assumendo il ruolo di Consigliere di Amministrazione ed Amministratore Delegato di SGR e di diverse societ\u00e0 immobiliari, quotate e non, dirigendo e coordinando operazioni immobiliari e fi nanziarie di respiro nazionale ed internazionale.<\/p>\t\t\t\t\t\t\t\t<\/div>\n\t\t\t\t<\/div>\n\t\t\t\t<div class=\"elementor-element elementor-element-cc8298d elementor-widget elementor-widget-spacer\" data-id=\"cc8298d\" data-element_type=\"widget\" data-e-type=\"widget\" data-widget_type=\"spacer.default\">\n\t\t\t\t<div class=\"elementor-widget-container\">\n\t\t\t\t\t\t\t<div class=\"elementor-spacer\">\n\t\t\t<div class=\"elementor-spacer-inner\"><\/div>\n\t\t<\/div>\n\t\t\t\t\t\t<\/div>\n\t\t\t\t<\/div>\n\t\t\t\t<div class=\"elementor-element elementor-element-18f6ea1 elementor-blockquote--skin-border elementor-widget elementor-widget-blockquote\" data-id=\"18f6ea1\" data-element_type=\"widget\" data-e-type=\"widget\" data-widget_type=\"blockquote.default\">\n\t\t\t\t<div class=\"elementor-widget-container\">\n\t\t\t\t\t\t\t<blockquote class=\"elementor-blockquote\">\n\t\t\t<p class=\"elementor-blockquote__content\">\n\t\t\t\tBisogna seguire i cambiamenti del mercato, che \u00e8 in continua evoluzione, senza avere paura del futuro.\t\t\t<\/p>\n\t\t\t\t\t\t\t<div class=\"e-q-footer\">\n\t\t\t\t\t\t\t\t\t\t\t<cite class=\"elementor-blockquote__author\">Giuseppe Roveda<\/cite>\n\t\t\t\t\t\t\t\t\t\t\t\t\t\t<\/div>\n\t\t\t\t\t<\/blockquote>\n\t\t\t\t\t\t<\/div>\n\t\t\t\t<\/div>\n\t\t            <\/div>\r\n        <\/div>\r\n        \t\t\t<\/div>\n\t\t<\/section>\n\t\t\t\t<\/div>\n\t\t","protected":false},"excerpt":{"rendered":"<p>CEO GIUSEPPE ROVEDA Manager ed imprenditore di quarantennale esperienza, dopo aver fondato e sviluppato una societ\u00e0 di engineering e project management che oggi conta oltre 30 unit\u00e0 e lavora in tutto il Nord Italia, ha assunto il ruolo di Amministratore Delegato di una societ\u00e0 di sviluppo immobiliare privata, ideando e portando al successo importanti investimenti [&hellip;]<\/p>\n","protected":false},"author":1,"featured_media":0,"parent":2258,"menu_order":0,"comment_status":"closed","ping_status":"closed","template":"","meta":{"footnotes":""},"class_list":["post-2260","page","type-page","status-publish","hentry"],"yoast_head":"<!-- This site is optimized with the Yoast SEO plugin v27.1.1 - https:\/\/yoast.com\/product\/yoast-seo-wordpress\/ -->\r\n<title>Giuseppe Roveda - RETOP<\/title>\r\n<meta name=\"description\" content=\"CEO di RETOP - Asset Management\" \/>\r\n<meta name=\"robots\" content=\"index, follow, max-snippet:-1, max-image-preview:large, max-video-preview:-1\" \/>\r\n<link rel=\"canonical\" href=\"https:\/\/www.retopre.com\/index.php\/team\/giuseppe-roveda-2\/\" \/>\r\n<meta property=\"og:locale\" content=\"it_IT\" \/>\r\n<meta property=\"og:type\" content=\"article\" \/>\r\n<meta property=\"og:title\" content=\"Giuseppe Roveda - RETOP\" \/>\r\n<meta property=\"og:description\" content=\"CEO di RETOP - Asset Management\" \/>\r\n<meta property=\"og:url\" content=\"https:\/\/www.retopre.com\/index.php\/team\/giuseppe-roveda-2\/\" \/>\r\n<meta property=\"og:site_name\" content=\"RETOP\" \/>\r\n<meta property=\"article:modified_time\" content=\"2024-09-27T07:54:22+00:00\" \/>\r\n<meta property=\"og:image\" content=\"https:\/\/www.retopre.com\/wp-content\/uploads\/2024\/08\/1.png\" \/>\r\n<meta name=\"twitter:card\" content=\"summary_large_image\" \/>\r\n<meta name=\"twitter:label1\" content=\"Tempo di lettura stimato\" \/>\n\t<meta name=\"twitter:data1\" content=\"1 minuto\" \/>\r\n<script type=\"application\/ld+json\" class=\"yoast-schema-graph\">{\"@context\":\"https:\/\/schema.org\",\"@graph\":[{\"@type\":\"WebPage\",\"@id\":\"https:\/\/www.retopre.com\/index.php\/team\/giuseppe-roveda-2\/\",\"url\":\"https:\/\/www.retopre.com\/index.php\/team\/giuseppe-roveda-2\/\",\"name\":\"Giuseppe Roveda - RETOP\",\"isPartOf\":{\"@id\":\"https:\/\/www.retopre.com\/#website\"},\"primaryImageOfPage\":{\"@id\":\"https:\/\/www.retopre.com\/index.php\/team\/giuseppe-roveda-2\/#primaryimage\"},\"image\":{\"@id\":\"https:\/\/www.retopre.com\/index.php\/team\/giuseppe-roveda-2\/#primaryimage\"},\"thumbnailUrl\":\"https:\/\/www.retopre.com\/wp-content\/uploads\/2024\/08\/1.png\",\"datePublished\":\"2024-03-26T08:02:02+00:00\",\"dateModified\":\"2024-09-27T07:54:22+00:00\",\"description\":\"CEO di RETOP - Asset Management\",\"breadcrumb\":{\"@id\":\"https:\/\/www.retopre.com\/index.php\/team\/giuseppe-roveda-2\/#breadcrumb\"},\"inLanguage\":\"it-IT\",\"potentialAction\":[{\"@type\":\"ReadAction\",\"target\":[\"https:\/\/www.retopre.com\/index.php\/team\/giuseppe-roveda-2\/\"]}]},{\"@type\":\"ImageObject\",\"inLanguage\":\"it-IT\",\"@id\":\"https:\/\/www.retopre.com\/index.php\/team\/giuseppe-roveda-2\/#primaryimage\",\"url\":\"https:\/\/www.retopre.com\/wp-content\/uploads\/2024\/08\/1.png\",\"contentUrl\":\"https:\/\/www.retopre.com\/wp-content\/uploads\/2024\/08\/1.png\",\"width\":1280,\"height\":1920,\"caption\":\"RETOP Il tuo partner affidabile per investimenti immobiliari.\"},{\"@type\":\"BreadcrumbList\",\"@id\":\"https:\/\/www.retopre.com\/index.php\/team\/giuseppe-roveda-2\/#breadcrumb\",\"itemListElement\":[{\"@type\":\"ListItem\",\"position\":1,\"name\":\"Home\",\"item\":\"https:\/\/www.retopre.com\/\"},{\"@type\":\"ListItem\",\"position\":2,\"name\":\"Team\",\"item\":\"https:\/\/www.retopre.com\/index.php\/team\/\"},{\"@type\":\"ListItem\",\"position\":3,\"name\":\"Giuseppe Roveda\"}]},{\"@type\":\"WebSite\",\"@id\":\"https:\/\/www.retopre.com\/#website\",\"url\":\"https:\/\/www.retopre.com\/\",\"name\":\"RETOP\",\"description\":\"Asset Management Company\",\"publisher\":{\"@id\":\"https:\/\/www.retopre.com\/#organization\"},\"potentialAction\":[{\"@type\":\"SearchAction\",\"target\":{\"@type\":\"EntryPoint\",\"urlTemplate\":\"https:\/\/www.retopre.com\/?s={search_term_string}\"},\"query-input\":{\"@type\":\"PropertyValueSpecification\",\"valueRequired\":true,\"valueName\":\"search_term_string\"}}],\"inLanguage\":\"it-IT\"},{\"@type\":\"Organization\",\"@id\":\"https:\/\/www.retopre.com\/#organization\",\"name\":\"RETOP\",\"url\":\"https:\/\/www.retopre.com\/\",\"logo\":{\"@type\":\"ImageObject\",\"inLanguage\":\"it-IT\",\"@id\":\"https:\/\/www.retopre.com\/#\/schema\/logo\/image\/\",\"url\":\"\",\"contentUrl\":\"\",\"caption\":\"RETOP\"},\"image\":{\"@id\":\"https:\/\/www.retopre.com\/#\/schema\/logo\/image\/\"}}]}<\/script>\r\n<!-- \/ Yoast SEO plugin. -->","yoast_head_json":{"title":"Giuseppe Roveda - RETOP","description":"CEO di RETOP - Asset Management","robots":{"index":"index","follow":"follow","max-snippet":"max-snippet:-1","max-image-preview":"max-image-preview:large","max-video-preview":"max-video-preview:-1"},"canonical":"https:\/\/www.retopre.com\/index.php\/team\/giuseppe-roveda-2\/","og_locale":"it_IT","og_type":"article","og_title":"Giuseppe Roveda - RETOP","og_description":"CEO di RETOP - Asset Management","og_url":"https:\/\/www.retopre.com\/index.php\/team\/giuseppe-roveda-2\/","og_site_name":"RETOP","article_modified_time":"2024-09-27T07:54:22+00:00","og_image":[{"url":"https:\/\/www.retopre.com\/wp-content\/uploads\/2024\/08\/1.png","type":"","width":"","height":""}],"twitter_card":"summary_large_image","twitter_misc":{"Tempo di lettura stimato":"1 minuto"},"schema":{"@context":"https:\/\/schema.org","@graph":[{"@type":"WebPage","@id":"https:\/\/www.retopre.com\/index.php\/team\/giuseppe-roveda-2\/","url":"https:\/\/www.retopre.com\/index.php\/team\/giuseppe-roveda-2\/","name":"Giuseppe Roveda - RETOP","isPartOf":{"@id":"https:\/\/www.retopre.com\/#website"},"primaryImageOfPage":{"@id":"https:\/\/www.retopre.com\/index.php\/team\/giuseppe-roveda-2\/#primaryimage"},"image":{"@id":"https:\/\/www.retopre.com\/index.php\/team\/giuseppe-roveda-2\/#primaryimage"},"thumbnailUrl":"https:\/\/www.retopre.com\/wp-content\/uploads\/2024\/08\/1.png","datePublished":"2024-03-26T08:02:02+00:00","dateModified":"2024-09-27T07:54:22+00:00","description":"CEO di RETOP - Asset Management","breadcrumb":{"@id":"https:\/\/www.retopre.com\/index.php\/team\/giuseppe-roveda-2\/#breadcrumb"},"inLanguage":"it-IT","potentialAction":[{"@type":"ReadAction","target":["https:\/\/www.retopre.com\/index.php\/team\/giuseppe-roveda-2\/"]}]},{"@type":"ImageObject","inLanguage":"it-IT","@id":"https:\/\/www.retopre.com\/index.php\/team\/giuseppe-roveda-2\/#primaryimage","url":"https:\/\/www.retopre.com\/wp-content\/uploads\/2024\/08\/1.png","contentUrl":"https:\/\/www.retopre.com\/wp-content\/uploads\/2024\/08\/1.png","width":1280,"height":1920,"caption":"RETOP Il tuo partner affidabile per investimenti immobiliari."},{"@type":"BreadcrumbList","@id":"https:\/\/www.retopre.com\/index.php\/team\/giuseppe-roveda-2\/#breadcrumb","itemListElement":[{"@type":"ListItem","position":1,"name":"Home","item":"https:\/\/www.retopre.com\/"},{"@type":"ListItem","position":2,"name":"Team","item":"https:\/\/www.retopre.com\/index.php\/team\/"},{"@type":"ListItem","position":3,"name":"Giuseppe Roveda"}]},{"@type":"WebSite","@id":"https:\/\/www.retopre.com\/#website","url":"https:\/\/www.retopre.com\/","name":"RETOP","description":"Asset Management Company","publisher":{"@id":"https:\/\/www.retopre.com\/#organization"},"potentialAction":[{"@type":"SearchAction","target":{"@type":"EntryPoint","urlTemplate":"https:\/\/www.retopre.com\/?s={search_term_string}"},"query-input":{"@type":"PropertyValueSpecification","valueRequired":true,"valueName":"search_term_string"}}],"inLanguage":"it-IT"},{"@type":"Organization","@id":"https:\/\/www.retopre.com\/#organization","name":"RETOP","url":"https:\/\/www.retopre.com\/","logo":{"@type":"ImageObject","inLanguage":"it-IT","@id":"https:\/\/www.retopre.com\/#\/schema\/logo\/image\/","url":"","contentUrl":"","caption":"RETOP"},"image":{"@id":"https:\/\/www.retopre.com\/#\/schema\/logo\/image\/"}}]}},"_links":{"self":[{"href":"https:\/\/www.retopre.com\/index.php\/wp-json\/wp\/v2\/pages\/2260","targetHints":{"allow":["GET"]}}],"collection":[{"href":"https:\/\/www.retopre.com\/index.php\/wp-json\/wp\/v2\/pages"}],"about":[{"href":"https:\/\/www.retopre.com\/index.php\/wp-json\/wp\/v2\/types\/page"}],"author":[{"embeddable":true,"href":"https:\/\/www.retopre.com\/index.php\/wp-json\/wp\/v2\/users\/1"}],"replies":[{"embeddable":true,"href":"https:\/\/www.retopre.com\/index.php\/wp-json\/wp\/v2\/comments?post=2260"}],"version-history":[{"count":55,"href":"https:\/\/www.retopre.com\/index.php\/wp-json\/wp\/v2\/pages\/2260\/revisions"}],"predecessor-version":[{"id":22422,"href":"https:\/\/www.retopre.com\/index.php\/wp-json\/wp\/v2\/pages\/2260\/revisions\/22422"}],"up":[{"embeddable":true,"href":"https:\/\/www.retopre.com\/index.php\/wp-json\/wp\/v2\/pages\/2258"}],"wp:attachment":[{"href":"https:\/\/www.retopre.com\/index.php\/wp-json\/wp\/v2\/media?parent=2260"}],"curies":[{"name":"wp","href":"https:\/\/api.w.org\/{rel}","templated":true}]}}