{"id":22740,"date":"2025-04-17T15:12:51","date_gmt":"2025-04-17T13:12:51","guid":{"rendered":"https:\/\/www.retopre.com\/?page_id=22740"},"modified":"2026-04-30T14:27:18","modified_gmt":"2026-04-30T12:27:18","slug":"documenti-societari","status":"publish","type":"page","link":"https:\/\/www.retopre.com\/index.php\/documenti-societari\/","title":{"rendered":"Documenti societari"},"content":{"rendered":"\t\t<div data-elementor-type=\"wp-page\" data-elementor-id=\"22740\" class=\"elementor elementor-22740\" data-elementor-post-type=\"page\">\n\t\t\t\t<div class=\"elementor-element elementor-element-abd6e31 e-flex e-con-boxed e-con e-parent\" data-id=\"abd6e31\" data-element_type=\"container\" data-e-type=\"container\">\n\t\t\t\t\t<div class=\"e-con-inner\">\n\t\t\t\t<div class=\"elementor-element elementor-element-f89a417 elementor-widget elementor-widget-pxl_text_editor\" data-id=\"f89a417\" data-element_type=\"widget\" data-e-type=\"widget\" data-widget_type=\"pxl_text_editor.default\">\n\t\t\t\t<div class=\"elementor-widget-container\">\n\t\t\t\t\t<div class=\"pxl-text-editor\">\n\t<div class=\"pxl-item--inner    \" data-wow-delay=\"ms\">\n\t\t<h5>In questa sezione \u00e8 possibile consultare e scaricare i principali documenti ufficiali di Retop.<\/h5>\t\t\n\t<\/div>\n<\/div>\t\t\t\t<\/div>\n\t\t\t\t<\/div>\n\t\t\t\t\t<\/div>\n\t\t\t\t<\/div>\n\t\t<div class=\"elementor-element elementor-element-4ecb072 e-grid e-con-boxed e-con e-parent\" data-id=\"4ecb072\" data-element_type=\"container\" data-e-type=\"container\">\n\t\t\t\t\t<div class=\"e-con-inner\">\n\t\t<div class=\"elementor-element elementor-element-e265467 e-con-full e-flex e-con e-child\" data-id=\"e265467\" data-element_type=\"container\" data-e-type=\"container\" data-settings=\"{&quot;background_background&quot;:&quot;classic&quot;}\">\n\t\t\t\t<div class=\"elementor-element elementor-element-25b846d elementor-widget elementor-widget-pxl_icon_box\" data-id=\"25b846d\" data-element_type=\"widget\" data-e-type=\"widget\" data-widget_type=\"pxl_icon_box.default\">\n\t\t\t\t<div class=\"elementor-widget-container\">\n\t\t\t\t\t\r\n<div class=\"pxl-icon-box pxl-icon-box1 default \" data-wow-delay=\"ms\">\r\n    <div class=\"pxl-item--inner\">\r\n        <!-- Show icon -->\r\n                \r\n\r\n\r\n        \r\n        <!-- Content -->\r\n        <div class=\"pxl-item--content\">\r\n            <!-- Title -->\r\n            <h4 class=\"pxl-item--title el-empty\">CODICE ETICO<\/h4>\r\n            <!-- Description -->\r\n            <div class=\"pxl-item--description el-empty\">\r\n                Il Codice Etico rappresenta i valori, i principi e le regole di condotta che guidano l\u2019attivit\u00e0 della nostra societ\u00e0. \u00c8 un punto di riferimento per dipendenti, collaboratori, partner e tutti coloro che interagiscono con noi. In questa sezione \u00e8 possibile consultare il documento completo, che riflette il nostro impegno verso l\u2019integrit\u00e0, la trasparenza e la responsabilit\u00e0 sociale in ogni ambito operativo.            <\/div>\r\n            <!-- Link -->\r\n                    <\/div>        \r\n    <\/div>\r\n<\/div>\r\n\r\n\r\n\r\n\r\n\r\n\r\n<!--  -->\r\n\t\t\t\t<\/div>\n\t\t\t\t<\/div>\n\t\t\t\t<div class=\"elementor-element elementor-element-f7bde29 elementor-widget elementor-widget-shortcode\" data-id=\"f7bde29\" data-element_type=\"widget\" data-e-type=\"widget\" data-widget_type=\"shortcode.default\">\n\t\t\t\t<div class=\"elementor-widget-container\">\n\t\t\t\t\t\t\t<div class=\"elementor-shortcode\"><div class='w3eden'><!-- WPDM Link Template: Default Template -->\n\n<div class=\"link-template-default card mb-2\">\n    <div class=\"card-body\">\n        <div class=\"media\">\n            <div class=\"mr-3 img-48\"><img decoding=\"async\" class=\"wpdm_icon\" alt=\"Icona\" src=\"https:\/\/www.retopre.com\/wp-content\/plugins\/download-manager\/assets\/file-type-icons\/pdf.svg\" \/><\/div>\n            <div class=\"media-body\">\n                <h3 class=\"package-title\"><a href='https:\/\/www.retopre.com\/index.php\/download\/codice-etico\/'>Codice Etico<\/a><\/h3>\n                <div class=\"text-muted text-small\"><i class=\"fas fa-copy\"><\/i> 1 file <i class=\"fas fa-hdd ml-3\"><\/i> 207 KB<\/div>\n            <\/div>\n            <div class=\"ml-3\">\n                <a class='wpdm-download-link download-on-click btn btn-primary ' rel='nofollow' href='#' data-downloadurl=\"https:\/\/www.retopre.com\/index.php\/download\/codice-etico\/?wpdmdl=22739&refresh=69fb3096956261778069654\">Download<\/a>\n            <\/div>\n        <\/div>\n    <\/div>\n<\/div>\n\n<\/div><\/div>\n\t\t\t\t\t\t<\/div>\n\t\t\t\t<\/div>\n\t\t\t\t<\/div>\n\t\t<div class=\"elementor-element elementor-element-55f4217 e-con-full e-flex e-con e-child\" data-id=\"55f4217\" data-element_type=\"container\" data-e-type=\"container\" data-settings=\"{&quot;background_background&quot;:&quot;classic&quot;}\">\n\t\t\t\t<div class=\"elementor-element elementor-element-48ef983 elementor-widget elementor-widget-pxl_icon_box\" data-id=\"48ef983\" data-element_type=\"widget\" data-e-type=\"widget\" data-widget_type=\"pxl_icon_box.default\">\n\t\t\t\t<div class=\"elementor-widget-container\">\n\t\t\t\t\t\r\n<div class=\"pxl-icon-box pxl-icon-box1 default \" data-wow-delay=\"ms\">\r\n    <div class=\"pxl-item--inner\">\r\n        <!-- Show icon -->\r\n                \r\n\r\n\r\n        \r\n        <!-- Content -->\r\n        <div class=\"pxl-item--content\">\r\n            <!-- Title -->\r\n            <h4 class=\"pxl-item--title el-empty\">Relazione di Impatto<\/h4>\r\n            <!-- Description -->\r\n            <div class=\"pxl-item--description el-empty\">\r\n                L\u2019Assemblea dei Soci di Retop ha deliberato in data 28 marzo 2024 la modifica statutaria per recepire l\u2019assunzione della qualifica di \u201cSociet\u00e0 Benefit\u201d, formalizzando cos\u00ec la volont\u00e0 di Retop di operare, nell\u2019esercizio della propria attivit\u00e0, in modo responsabile, sostenibile e trasparente nei confronti di persone, territorio, ambiente e altri portatori di interesse, nell\u2019ottica di generare valore sociale nel pubblico interesse, fermo restando il mantenimento di risultati economici soddisfacenti. Ogni anno Retop redige e pubblica la Relazione d\u2019Impatto con cui intende informare e comunicare con trasparenza a tutti gli Stakeholder i propri obiettivi e le azioni volte al perseguimento del beneficio comune.            <\/div>\r\n            <!-- Link -->\r\n                    <\/div>        \r\n    <\/div>\r\n<\/div>\r\n\r\n\r\n\r\n\r\n\r\n\r\n<!--  -->\r\n\t\t\t\t<\/div>\n\t\t\t\t<\/div>\n\t\t\t\t<div class=\"elementor-element elementor-element-ea969d3 elementor-widget elementor-widget-shortcode\" data-id=\"ea969d3\" data-element_type=\"widget\" data-e-type=\"widget\" data-widget_type=\"shortcode.default\">\n\t\t\t\t<div class=\"elementor-widget-container\">\n\t\t\t\t\t\t\t<div class=\"elementor-shortcode\"><div class='w3eden'><!-- WPDM Link Template: Default Template -->\n\n<div class=\"link-template-default card mb-2\">\n    <div class=\"card-body\">\n        <div class=\"media\">\n            <div class=\"mr-3 img-48\"><img decoding=\"async\" class=\"wpdm_icon\" alt=\"Icona\" src=\"https:\/\/www.retopre.com\/wp-content\/plugins\/download-manager\/assets\/file-type-icons\/pdf.svg\" \/><\/div>\n            <div class=\"media-body\">\n                <h3 class=\"package-title\"><a href='https:\/\/www.retopre.com\/index.php\/download\/relazione-dimpatto-2024\/'>Relazione d'impatto 2024<\/a><\/h3>\n                <div class=\"text-muted text-small\"><i class=\"fas fa-copy\"><\/i> 1 file <i class=\"fas fa-hdd ml-3\"><\/i> 1 MB<\/div>\n            <\/div>\n            <div class=\"ml-3\">\n                <a class='wpdm-download-link download-on-click btn btn-primary ' rel='nofollow' href='#' data-downloadurl=\"https:\/\/www.retopre.com\/index.php\/download\/relazione-dimpatto-2024\/?wpdmdl=22738&refresh=69fb309699eff1778069654\">Download<\/a>\n            <\/div>\n        <\/div>\n    <\/div>\n<\/div>\n\n<\/div><\/div>\n\t\t\t\t\t\t<\/div>\n\t\t\t\t<\/div>\n\t\t\t\t<div class=\"elementor-element elementor-element-b2abe93 elementor-widget elementor-widget-shortcode\" data-id=\"b2abe93\" data-element_type=\"widget\" data-e-type=\"widget\" data-widget_type=\"shortcode.default\">\n\t\t\t\t<div class=\"elementor-widget-container\">\n\t\t\t\t\t\t\t<div class=\"elementor-shortcode\"><div class='w3eden'><!-- WPDM Link Template: Default Template -->\n\n<div class=\"link-template-default card mb-2\">\n    <div class=\"card-body\">\n        <div class=\"media\">\n            <div class=\"mr-3 img-48\"><img decoding=\"async\" class=\"wpdm_icon\" alt=\"Icona\" src=\"https:\/\/www.retopre.com\/wp-content\/plugins\/download-manager\/assets\/file-type-icons\/pdf.svg\" \/><\/div>\n            <div class=\"media-body\">\n                <h3 class=\"package-title\"><a href='https:\/\/www.retopre.com\/index.php\/download\/relazione-dimpatto-2025\/'>Relazione d'impatto 2025<\/a><\/h3>\n                <div class=\"text-muted text-small\"><i class=\"fas fa-copy\"><\/i> 1 file <i class=\"fas fa-hdd ml-3\"><\/i> 1 MB<\/div>\n            <\/div>\n            <div class=\"ml-3\">\n                <a class='wpdm-download-link download-on-click btn btn-primary ' rel='nofollow' href='#' data-downloadurl=\"https:\/\/www.retopre.com\/index.php\/download\/relazione-dimpatto-2025\/?wpdmdl=22873&refresh=69fb30969d4e21778069654\">Download<\/a>\n            <\/div>\n        <\/div>\n    <\/div>\n<\/div>\n\n<\/div><\/div>\n\t\t\t\t\t\t<\/div>\n\t\t\t\t<\/div>\n\t\t\t\t<\/div>\n\t\t\t\t\t<\/div>\n\t\t\t\t<\/div>\n\t\t<div class=\"elementor-element elementor-element-99710cf e-flex e-con-boxed e-con e-parent\" data-id=\"99710cf\" data-element_type=\"container\" data-e-type=\"container\">\n\t\t\t\t\t<div class=\"e-con-inner\">\n\t\t\t\t\t<\/div>\n\t\t\t\t<\/div>\n\t\t\t\t<\/div>\n\t\t","protected":false},"excerpt":{"rendered":"<p>In questa sezione \u00e8 possibile consultare e scaricare i principali documenti ufficiali di Retop. CODICE ETICO Il Codice Etico rappresenta i valori, i principi e le regole di condotta che guidano l\u2019attivit\u00e0 della nostra societ\u00e0. \u00c8 un punto di riferimento per dipendenti, collaboratori, partner e tutti coloro che interagiscono con noi. In questa sezione \u00e8 [&hellip;]<\/p>\n","protected":false},"author":1,"featured_media":0,"parent":0,"menu_order":0,"comment_status":"closed","ping_status":"closed","template":"","meta":{"footnotes":""},"class_list":["post-22740","page","type-page","status-publish","hentry"],"yoast_head":"<!-- This site is optimized with the Yoast SEO plugin v27.1.1 - https:\/\/yoast.com\/product\/yoast-seo-wordpress\/ -->\r\n<title>Documenti societari - RETOP<\/title>\r\n<meta name=\"robots\" content=\"index, follow, max-snippet:-1, max-image-preview:large, max-video-preview:-1\" \/>\r\n<link rel=\"canonical\" href=\"https:\/\/www.retopre.com\/index.php\/documenti-societari\/\" \/>\r\n<meta property=\"og:locale\" content=\"it_IT\" \/>\r\n<meta property=\"og:type\" content=\"article\" \/>\r\n<meta property=\"og:title\" content=\"Documenti societari - RETOP\" \/>\r\n<meta property=\"og:description\" content=\"In questa sezione \u00e8 possibile consultare e scaricare i principali documenti ufficiali di Retop. CODICE ETICO Il Codice Etico rappresenta i valori, i principi e le regole di condotta che guidano l\u2019attivit\u00e0 della nostra societ\u00e0. \u00c8 un punto di riferimento per dipendenti, collaboratori, partner e tutti coloro che interagiscono con noi. In questa sezione \u00e8 [&hellip;]\" \/>\r\n<meta property=\"og:url\" content=\"https:\/\/www.retopre.com\/index.php\/documenti-societari\/\" \/>\r\n<meta property=\"og:site_name\" content=\"RETOP\" \/>\r\n<meta property=\"article:modified_time\" content=\"2026-04-30T12:27:18+00:00\" \/>\r\n<meta name=\"twitter:card\" content=\"summary_large_image\" \/>\r\n<meta name=\"twitter:label1\" content=\"Tempo di lettura stimato\" \/>\n\t<meta name=\"twitter:data1\" content=\"1 minuto\" \/>\r\n<script type=\"application\/ld+json\" class=\"yoast-schema-graph\">{\"@context\":\"https:\/\/schema.org\",\"@graph\":[{\"@type\":\"WebPage\",\"@id\":\"https:\/\/www.retopre.com\/index.php\/documenti-societari\/\",\"url\":\"https:\/\/www.retopre.com\/index.php\/documenti-societari\/\",\"name\":\"Documenti societari - RETOP\",\"isPartOf\":{\"@id\":\"https:\/\/www.retopre.com\/#website\"},\"datePublished\":\"2025-04-17T13:12:51+00:00\",\"dateModified\":\"2026-04-30T12:27:18+00:00\",\"breadcrumb\":{\"@id\":\"https:\/\/www.retopre.com\/index.php\/documenti-societari\/#breadcrumb\"},\"inLanguage\":\"it-IT\",\"potentialAction\":[{\"@type\":\"ReadAction\",\"target\":[\"https:\/\/www.retopre.com\/index.php\/documenti-societari\/\"]}]},{\"@type\":\"BreadcrumbList\",\"@id\":\"https:\/\/www.retopre.com\/index.php\/documenti-societari\/#breadcrumb\",\"itemListElement\":[{\"@type\":\"ListItem\",\"position\":1,\"name\":\"Home\",\"item\":\"https:\/\/www.retopre.com\/\"},{\"@type\":\"ListItem\",\"position\":2,\"name\":\"Documenti societari\"}]},{\"@type\":\"WebSite\",\"@id\":\"https:\/\/www.retopre.com\/#website\",\"url\":\"https:\/\/www.retopre.com\/\",\"name\":\"RETOP\",\"description\":\"Asset Management Company\",\"publisher\":{\"@id\":\"https:\/\/www.retopre.com\/#organization\"},\"potentialAction\":[{\"@type\":\"SearchAction\",\"target\":{\"@type\":\"EntryPoint\",\"urlTemplate\":\"https:\/\/www.retopre.com\/?s={search_term_string}\"},\"query-input\":{\"@type\":\"PropertyValueSpecification\",\"valueRequired\":true,\"valueName\":\"search_term_string\"}}],\"inLanguage\":\"it-IT\"},{\"@type\":\"Organization\",\"@id\":\"https:\/\/www.retopre.com\/#organization\",\"name\":\"RETOP\",\"url\":\"https:\/\/www.retopre.com\/\",\"logo\":{\"@type\":\"ImageObject\",\"inLanguage\":\"it-IT\",\"@id\":\"https:\/\/www.retopre.com\/#\/schema\/logo\/image\/\",\"url\":\"\",\"contentUrl\":\"\",\"caption\":\"RETOP\"},\"image\":{\"@id\":\"https:\/\/www.retopre.com\/#\/schema\/logo\/image\/\"}}]}<\/script>\r\n<!-- \/ Yoast SEO plugin. -->","yoast_head_json":{"title":"Documenti societari - RETOP","robots":{"index":"index","follow":"follow","max-snippet":"max-snippet:-1","max-image-preview":"max-image-preview:large","max-video-preview":"max-video-preview:-1"},"canonical":"https:\/\/www.retopre.com\/index.php\/documenti-societari\/","og_locale":"it_IT","og_type":"article","og_title":"Documenti societari - RETOP","og_description":"In questa sezione \u00e8 possibile consultare e scaricare i principali documenti ufficiali di Retop. CODICE ETICO Il Codice Etico rappresenta i valori, i principi e le regole di condotta che guidano l\u2019attivit\u00e0 della nostra societ\u00e0. \u00c8 un punto di riferimento per dipendenti, collaboratori, partner e tutti coloro che interagiscono con noi. In questa sezione \u00e8 [&hellip;]","og_url":"https:\/\/www.retopre.com\/index.php\/documenti-societari\/","og_site_name":"RETOP","article_modified_time":"2026-04-30T12:27:18+00:00","twitter_card":"summary_large_image","twitter_misc":{"Tempo di lettura stimato":"1 minuto"},"schema":{"@context":"https:\/\/schema.org","@graph":[{"@type":"WebPage","@id":"https:\/\/www.retopre.com\/index.php\/documenti-societari\/","url":"https:\/\/www.retopre.com\/index.php\/documenti-societari\/","name":"Documenti societari - RETOP","isPartOf":{"@id":"https:\/\/www.retopre.com\/#website"},"datePublished":"2025-04-17T13:12:51+00:00","dateModified":"2026-04-30T12:27:18+00:00","breadcrumb":{"@id":"https:\/\/www.retopre.com\/index.php\/documenti-societari\/#breadcrumb"},"inLanguage":"it-IT","potentialAction":[{"@type":"ReadAction","target":["https:\/\/www.retopre.com\/index.php\/documenti-societari\/"]}]},{"@type":"BreadcrumbList","@id":"https:\/\/www.retopre.com\/index.php\/documenti-societari\/#breadcrumb","itemListElement":[{"@type":"ListItem","position":1,"name":"Home","item":"https:\/\/www.retopre.com\/"},{"@type":"ListItem","position":2,"name":"Documenti societari"}]},{"@type":"WebSite","@id":"https:\/\/www.retopre.com\/#website","url":"https:\/\/www.retopre.com\/","name":"RETOP","description":"Asset Management Company","publisher":{"@id":"https:\/\/www.retopre.com\/#organization"},"potentialAction":[{"@type":"SearchAction","target":{"@type":"EntryPoint","urlTemplate":"https:\/\/www.retopre.com\/?s={search_term_string}"},"query-input":{"@type":"PropertyValueSpecification","valueRequired":true,"valueName":"search_term_string"}}],"inLanguage":"it-IT"},{"@type":"Organization","@id":"https:\/\/www.retopre.com\/#organization","name":"RETOP","url":"https:\/\/www.retopre.com\/","logo":{"@type":"ImageObject","inLanguage":"it-IT","@id":"https:\/\/www.retopre.com\/#\/schema\/logo\/image\/","url":"","contentUrl":"","caption":"RETOP"},"image":{"@id":"https:\/\/www.retopre.com\/#\/schema\/logo\/image\/"}}]}},"_links":{"self":[{"href":"https:\/\/www.retopre.com\/index.php\/wp-json\/wp\/v2\/pages\/22740","targetHints":{"allow":["GET"]}}],"collection":[{"href":"https:\/\/www.retopre.com\/index.php\/wp-json\/wp\/v2\/pages"}],"about":[{"href":"https:\/\/www.retopre.com\/index.php\/wp-json\/wp\/v2\/types\/page"}],"author":[{"embeddable":true,"href":"https:\/\/www.retopre.com\/index.php\/wp-json\/wp\/v2\/users\/1"}],"replies":[{"embeddable":true,"href":"https:\/\/www.retopre.com\/index.php\/wp-json\/wp\/v2\/comments?post=22740"}],"version-history":[{"count":48,"href":"https:\/\/www.retopre.com\/index.php\/wp-json\/wp\/v2\/pages\/22740\/revisions"}],"predecessor-version":[{"id":22880,"href":"https:\/\/www.retopre.com\/index.php\/wp-json\/wp\/v2\/pages\/22740\/revisions\/22880"}],"wp:attachment":[{"href":"https:\/\/www.retopre.com\/index.php\/wp-json\/wp\/v2\/media?parent=22740"}],"curies":[{"name":"wp","href":"https:\/\/api.w.org\/{rel}","templated":true}]}}